{"id":10,"date":"2020-06-24T16:48:10","date_gmt":"2020-06-24T14:48:10","guid":{"rendered":"http:\/\/www.skoogle.nu\/oppethus\/?page_id=10"},"modified":"2025-10-06T08:37:16","modified_gmt":"2025-10-06T06:37:16","slug":"esters","status":"publish","type":"page","link":"https:\/\/www.skoogle.nu\/oppethus\/esters\/","title":{"rendered":"Esters"},"content":{"rendered":"[vc_row full_width=&#8221;stretch_row_content&#8221; css=&#8221;.vc_custom_1726659359826{margin-bottom: 0px !important;}&#8221;][vc_column css=&#8221;.vc_custom_1726659367197{margin-bottom: 0px !important;}&#8221;]<style>.vcex-image.vcex_69e8ea48c1cae .vcex-image-img{border-radius:var(--wpex-rounded-md);object-position:center top;}<\/style><figure class=\"vcex-image vcex-module textcenter hero vcex_69e8ea48c1cae\"><div class=\"vcex-image-inner wpex-relative wpex-inline-block\"><img data-no-lazy=\"1\" class=\"vcex-image-img wpex-align-middle skip-lazy\" src=\"https:\/\/www.skoogle.nu\/oppethus\/wp-content\/uploads\/2024\/09\/Esters_2024__MGL1232-2048x1366.jpg\" alt=\"\" srcset=\"https:\/\/www.skoogle.nu\/oppethus\/wp-content\/uploads\/2024\/09\/Esters_2024__MGL1232-2048x1366.jpg 2048w, https:\/\/www.skoogle.nu\/oppethus\/wp-content\/uploads\/2024\/09\/Esters_2024__MGL1232-300x200.jpg 300w, https:\/\/www.skoogle.nu\/oppethus\/wp-content\/uploads\/2024\/09\/Esters_2024__MGL1232-1024x683.jpg 1024w, https:\/\/www.skoogle.nu\/oppethus\/wp-content\/uploads\/2024\/09\/Esters_2024__MGL1232-768x512.jpg 768w, https:\/\/www.skoogle.nu\/oppethus\/wp-content\/uploads\/2024\/09\/Esters_2024__MGL1232-1536x1025.jpg 1536w\" width=\"2048\" height=\"1366\"><\/div><\/figure><figure class=\"vcex-image vcex-module textcenter hero-logo\"><div class=\"vcex-image-inner wpex-relative wpex-inline-block\"><img width=\"341\" height=\"341\" src=\"https:\/\/www.skoogle.nu\/oppethus\/wp-content\/uploads\/2024\/09\/esters_logo.png\" class=\"vcex-image-img wpex-align-middle skip-lazy\" alt=\"\" data-no-lazy=\"1\" srcset=\"https:\/\/www.skoogle.nu\/oppethus\/wp-content\/uploads\/2024\/09\/esters_logo.png 341w, https:\/\/www.skoogle.nu\/oppethus\/wp-content\/uploads\/2024\/09\/esters_logo-300x300.png 300w, https:\/\/www.skoogle.nu\/oppethus\/wp-content\/uploads\/2024\/09\/esters_logo-150x150.png 150w\" sizes=\"(max-width: 341px) 100vw, 341px\" \/><\/div><\/figure>[\/vc_column][\/vc_row][vc_row full_width=&#8221;stretch_row&#8221; css=&#8221;.vc_custom_1726577012051{padding-bottom: 40px !important;}&#8221;][vc_column][vc_column_text color=&#8221;currentColor&#8221; width=&#8221;740&#8243; text_align=&#8221;center&#8221; el_class=&#8221;ingress&#8221;]\n<h1 style=\"text-align: center;\">Ester Mosessons utbildar f\u00f6r v\u00e4rldens jobb<\/h1>\n<p style=\"text-align: center;\">Ester Mosessons \u00e4r skolan f\u00f6r dig som vill arbeta inom bes\u00f6ksn\u00e4ringen. Vill du bli reseledare, stj\u00e4rnkock, bartender, hotellreceptionist eller konditor? H\u00e4r f\u00e5r du en bra utbildning med mycket praktiskt arbete och efter studenten v\u00e4ntar v\u00e4rldens jobb!<\/p>\n<p style=\"text-align: center;\"><div class=\"vcex-module vcex-divider vcex-divider-solid vcex-divider-center wpex-mx-auto wpex-max-w-100 wpex-block wpex-h-0 wpex-border-b wpex-border-solid wpex-border-main\" style=\"width:100%;margin-top:20px;margin-bottom:20px;border-bottom-width:1px;border-color:#dddddd;\"><\/div>\n<p style=\"text-align: center;\">Vi har \u00f6ppet hus f\u00f6ljande datum:<\/p>\n<p style=\"text-align: center;\"><strong>L\u00f6rdag 22 november, klockan 11-15<br \/>\nTorsdag 22 januari, klockan 16-19<br \/>\n<\/strong><em>Plats: <a href=\"https:\/\/www.google.com\/maps\/dir\/?api=1&amp;destination=ester+mosessons+gymnasium\">L\u00e4rdomsgatan 5<\/a><\/em><\/p>\n[\/vc_column_text][\/vc_column][\/vc_row][vc_row full_width=&#8221;stretch_row&#8221; typography_style=&#8221;white&#8221; css=&#8221;.vc_custom_1726580925075{padding-top: 80px !important;padding-bottom: 0px !important;background-color: #b30003 !important;background-position: center !important;background-repeat: no-repeat !important;background-size: cover !important;}&#8221; wpex_bg_position=&#8221;center center&#8221;][vc_column][vc_row_inner css=&#8221;.vc_custom_1726577715905{padding-top: 40px !important;}&#8221; el_class=&#8221;form-row&#8221;][vc_column_inner el_class=&#8221;max-900&#8243;][vc_column_text text_align=&#8221;left&#8221; css=&#8221;.vc_custom_1757000722140{margin-bottom: 40px !important;}&#8221; color=&#8221;#ffffff&#8221;]\n<h1>Vill du ha en p\u00e5minnelse om \u00f6ppet hus?<\/h1>\n[\/vc_column_text][vc_column_text child_inherit_color=&#8221;false&#8221; font_weight=&#8221;bold&#8221; color=&#8221;currentColor&#8221;]<div class=\"frm_forms  with_frm_style frm_style_esters\" id=\"frm_form_66_container\" >\n<form enctype=\"multipart\/form-data\" method=\"post\" class=\"frm-show-form  frm_js_validate  frm_ajax_submit  frm_pro_form \" id=\"form_digitaltppethuspestersd557bd2cb6bff5ee54de214f8586220a6ea6753\" >\n<div class=\"frm_form_fields \">\n<fieldset>\n<legend class=\"frm_screen_reader\">Esters l\u00e4s\u00e5ret 2024-2025<\/legend>\r\n\r\n<div class=\"frm_fields_container\">\n<input type=\"hidden\" name=\"frm_action\" value=\"create\" \/>\n<input type=\"hidden\" name=\"form_id\" value=\"66\" \/>\n<input type=\"hidden\" name=\"frm_hide_fields_66\" id=\"frm_hide_fields_66\" value=\"\" \/>\n<input type=\"hidden\" name=\"form_key\" value=\"digitaltppethuspestersd557bd2cb6bff5ee54de214f8586220a6ea6753\" \/>\n<input type=\"hidden\" name=\"item_meta[0]\" value=\"\" \/>\n<input type=\"hidden\" id=\"frm_submit_entry_66\" name=\"frm_submit_entry_66\" value=\"3a3de96c43\" \/><input type=\"hidden\" name=\"_wp_http_referer\" value=\"\/oppethus\/wp-json\/wp\/v2\/pages\/10\" \/><div id=\"frm_field_425_container\" class=\"frm_form_field form-field  frm_required_field frm_top_container vertical_radio\">\r\n    <div  id=\"field_9ka0k_label\" class=\"frm_primary_label\">Jag vill bli kontaktad via\r\n        <span class=\"frm_required\" aria-hidden=\"true\"><\/span>\r\n    <\/div>\r\n    <div class=\"frm_opt_container\" aria-labelledby=\"field_9ka0k_label\" role=\"group\">\t\t<div class=\"frm_checkbox\" id=\"frm_checkbox_425-0\">\t\t\t<label  for=\"field_9ka0k-0\">\n\t\t\t<input type=\"checkbox\" name=\"item_meta[425][]\" id=\"field_9ka0k-0\" value=\"E-post\"  data-reqmsg=\"Detta f\u00e4lt kan inte vara tomt.\" data-invmsg=\"Jag vill bli kontaktad via \u00e4r ogiltigt\"   aria-required=\"true\"  \/> E-post<\/label><\/div>\n\t\t<div class=\"frm_checkbox\" id=\"frm_checkbox_425-1\">\t\t\t<label  for=\"field_9ka0k-1\">\n\t\t\t<input type=\"checkbox\" name=\"item_meta[425][]\" id=\"field_9ka0k-1\" value=\"Mobil\"  data-reqmsg=\"Detta f\u00e4lt kan inte vara tomt.\" data-invmsg=\"Jag vill bli kontaktad via \u00e4r ogiltigt\"   \/> Mobil<\/label><\/div>\n<\/div>\r\n    \r\n    \r\n<\/div>\n<div id=\"frm_field_411_container\" class=\"frm_form_field form-field  frm_required_field frm_top_container\">\r\n    <label for=\"field_ouxou3\" id=\"field_ouxou3_label\" class=\"frm_primary_label\">E-post\r\n        <span class=\"frm_required\" aria-hidden=\"true\"><\/span>\r\n    <\/label>\r\n    <input type=\"email\" id=\"field_ouxou3\" name=\"item_meta[411]\" value=\"\"  data-reqmsg=\"Detta f\u00e4lt kan inte vara tomt.\" aria-required=\"true\" data-invmsg=\"E-post \u00e4r ogiltigt\" aria-invalid=\"false\"  \/>\r\n    \r\n    \r\n<\/div>\n<div id=\"frm_field_412_container\" class=\"frm_form_field form-field  frm_required_field frm_top_container\">\r\n    <label for=\"field_19s63\" id=\"field_19s63_label\" class=\"frm_primary_label\">Mobilnummer\r\n        <span class=\"frm_required\" aria-hidden=\"true\"><\/span>\r\n    <\/label>\r\n    <input  type=\"text\" id=\"field_19s63\" name=\"item_meta[412]\" value=\"\"  data-reqmsg=\"Detta f\u00e4lt kan inte vara tomt.\" aria-required=\"true\" data-invmsg=\"Text \u00e4r ogiltigt\" aria-invalid=\"false\"   \/>\r\n    \r\n    \r\n<\/div>\n<div id=\"frm_field_413_container\" class=\"frm_form_field form-field  frm_top_container\">\r\n    <label for=\"field_haqow3\" id=\"field_haqow3_label\" class=\"frm_primary_label\">Har du en fr\u00e5ga? Skriv h\u00e4r.\r\n        <span class=\"frm_required\"><\/span>\r\n    <\/label>\r\n    <textarea data-auto-grow=\"1\"  name=\"item_meta[413]\" id=\"field_haqow3\" rows=\"1\"  data-invmsg=\"Har du en fr\u00e5ga? Skriv h\u00e4r. \u00e4r ogiltigt\" aria-invalid=\"false\"  ><\/textarea>\r\n    \r\n    \r\n<\/div>\n<div id=\"frm_field_414_container\" class=\"frm_form_field form-field  frm_required_field frm_top_container vertical_radio\">\r\n    <div  id=\"field_bgeyu3a398b0a504ca65d1bb16bbc3313a3e1929c8507783c0107c369e24_label\" class=\"frm_primary_label\">\r\n        <span class=\"frm_required\"><\/span>\r\n    <\/div>\r\n    <div class=\"frm_opt_container\" aria-labelledby=\"field_bgeyu3a398b0a504ca65d1bb16bbc3313a3e1929c8507783c0107c369e24_label\" role=\"group\">\t\t<div class=\"frm_checkbox\" id=\"frm_checkbox_414-0\">\t\t\t<label  for=\"field_bgeyu3a398b0a504ca65d1bb16bbc3313a3e1929c8507783c0107c369e24-0\">\n\t\t\t<input type=\"checkbox\" name=\"item_meta[414][]\" id=\"field_bgeyu3a398b0a504ca65d1bb16bbc3313a3e1929c8507783c0107c369e24-0\" value=\"Jag samtycker till att mina personuppgifter samlas in och behandlas enligt &lt;a href=&quot;https:\/\/goteborg.se\/wps\/portal\/start\/kommun-och-politik\/kommunens-organisation\/forvaltningar-och-namnder\/utbildningsforvaltningen\/sa-behandlar-utbildningsforvaltningen-personuppgifter&quot; target=&quot;_blank&quot;&gt;G\u00f6teborgs Stads personuppgiftspolicy&lt;\/a&gt;\"  data-reqmsg=\"Detta f\u00e4lt kan inte vara tomt.\" data-invmsg=\"Detta f\u00e4lt \u00e4r ogiltigt\"   aria-required=\"true\"  \/> Jag samtycker till att mina personuppgifter samlas in och behandlas enligt <a href=\"https:\/\/goteborg.se\/wps\/portal\/start\/kommun-och-politik\/kommunens-organisation\/forvaltningar-och-namnder\/utbildningsforvaltningen\/sa-behandlar-utbildningsforvaltningen-personuppgifter\" target=\"_blank\">G\u00f6teborgs Stads personuppgiftspolicy<\/a><\/label><\/div>\n<\/div>\r\n    \r\n    \r\n<\/div>\n<div id=\"frm_field_438_container\" class=\"frm_form_field form-field \">\r\n\t<div class=\"frm_submit\">\r\n\r\n<button class=\"frm_button_submit frm_final_submit\" type=\"submit\"   formnovalidate=\"formnovalidate\">Skicka<\/button>\r\n\r\n<\/div>\r\n<\/div>\n\t<input type=\"hidden\" name=\"item_key\" value=\"\" \/>\n\t\t\t<div id=\"frm_field_451_container\">\n\t\t\t<label for=\"field_hi0b2\" >\n\t\t\t\tOm du \u00e4r m\u00e4nsklig, l\u00e4mna det h\u00e4r f\u00e4ltet tomt.\t\t\t<\/label>\n\t\t\t<input  id=\"field_hi0b2\" type=\"text\" class=\"frm_form_field form-field frm_verify\" name=\"item_meta[451]\" value=\"\"  \/>\n\t\t<\/div>\n\t\t<input name=\"frm_state\" type=\"hidden\" value=\"bcqT7TTHKBDFDUln\/oqR5oNfVnaooFXw9wCr4fwNGY6G0PqNwm4rojqXunpZScrk\" \/><\/div>\n<\/fieldset>\n<\/div>\n\n<\/form>\n<\/div>\n[\/vc_column_text][\/vc_column_inner][\/vc_row_inner][\/vc_column][\/vc_row][vc_row full_width=&#8221;stretch_row&#8221; css=&#8221;.vc_custom_1726582030044{padding-top: 80px !important;padding-bottom: 40px !important;background-color: #000000 !important;}&#8221;][vc_column][vc_video link=&#8221;https:\/\/youtu.be\/4kGPGEj_BP8&#8243;][vc_column_text color=&#8221;#ffffff&#8221; width=&#8221;630&#8243; text_align=&#8221;left&#8221; css=&#8221;.vc_custom_1728458038984{margin-top: 60px !important;margin-bottom: 60px !important;}&#8221;][\/vc_column_text][\/vc_column][\/vc_row][vc_row full_width=&#8221;stretch_row&#8221; css=&#8221;.vc_custom_1726581710752{padding-top: 40px !important;padding-bottom: 40px !important;background-color: #000000 !important;}&#8221;][vc_column el_class=&#8221;textspalt&#8221;][vc_column_text text_align=&#8221;left&#8221; css=&#8221;.vc_custom_1726581698429{margin-bottom: 40px !important;}&#8221; color=&#8221;#ffffff&#8221;]\n<h3>V\u00e5ra utbildningar<\/h3>\n[\/vc_column_text][vc_tta_accordion style=&#8221;flat&#8221; shape=&#8221;square&#8221; color=&#8221;black&#8221; gap=&#8221;10&#8243; c_position=&#8221;right&#8221; active_section=&#8221;999&#8243; collapsible_all=&#8221;true&#8221; el_class=&#8221;ester&#8221;][vc_tta_section title=&#8221;Hotell- och turismprogrammet&#8221; tab_id=&#8221;1597838031827-01f4cc6d-82a21598601429408&#8243;][vc_video link=&#8221;https:\/\/youtu.be\/vfHWmT1TJx8&#8243; css=&#8221;.vc_custom_1605019862344{margin-bottom: 30px !important;}&#8221;][vc_column_text]Tycker du det \u00e4r sp\u00e4nnande att tr\u00e4ffa nya m\u00e4nniskor och l\u00e4ra k\u00e4nna v\u00e4rldens kulturer? Vill du l\u00e4sa ett yrkesprogram med hela v\u00e4rlden som framtida arbetsplats? D\u00e5 \u00e4r Hotell- och turismprogrammet p\u00e5 Ester Mosessons utbildningen f\u00f6r dig!<\/p>\n<p>Hos oss f\u00e5r du l\u00e4ra dig, b\u00e5de teoretiskt och praktiskt, hur du f\u00e5r m\u00e4nniskor att trivas, uppleva saker och k\u00e4nna sig omh\u00e4ndertagna &#8211; allt p\u00e5 ett professionellt s\u00e4tt. Du f\u00e5r en bred grundutbildning och m\u00f6jlighet till jobb direkt efter gymnasiet. Efter studenten kan du exempelvis arbeta som hotellreceptionist i G\u00f6teborg, aktivitetsledare p\u00e5 Gran Canaria, konferensv\u00e4rd i Stockholm eller med evenemang i Los Angeles. Du kan samtidigt f\u00e5 beh\u00f6righet f\u00f6r att studera vidare p\u00e5 universitet, h\u00f6gskola och yrkesh\u00f6gskola b\u00e5de i Sverige och utomlands.<\/p>\n<p>N\u00e5gra av dina lektioner \u00e4r praktiska och kommer att ske ute i branschen. D\u00e5 m\u00f6ter klassen g\u00e4ster och tr\u00e4nar p\u00e5 det ni l\u00e4rt er i klassrummet. I programmet ing\u00e5r \u00e4ven 15 veckors APL (praktik) d\u00e4r du utbildas ute p\u00e5 en arbetsplats. M\u00e5nga elever s\u00e4ger att APL \u00e4r det roligaste de gjort och att de har f\u00e5tt jobberbjudanden och m\u00e5nga v\u00e4rdefulla kontakter inf\u00f6r framtiden. Vi p\u00e5 Ester Mosessons har m\u00e5nga praktiksamarbeten i G\u00f6teborgsregionen, bland annat med Stena Line, Gothia Towers, STF och Svenska m\u00e4ssan. Varje \u00e5r skickar vi \u00e4ven n\u00e5gra elever p\u00e5 utlandspraktik, bland annat till Gran Canaria. Kanske vill du bli en av dem?<\/p>\n<p>Checka in p\u00e5 Esters \u2013 om du vill ut i v\u00e4rlden![\/vc_column_text][\/vc_tta_section][vc_tta_section title=&#8221;Restaurang- och livsmedelsprogrammet&#8221; tab_id=&#8221;1597841725115-c57638df-aa8d1598601429408&#8243;][vc_column_text css=&#8221;.vc_custom_1605019853063{margin-bottom: 30px !important;}&#8221;]H\u00e4r f\u00e5r du en bra grund inom mat, dryck och service. Du f\u00e5r kunskaper om r\u00e5varor, drycker, smak, konsistens och n\u00e4ringsinneh\u00e5ll samt hur du komponeraren en m\u00e5ltid. Vi har tv\u00e5 restauranger d\u00e4r du kommer att servera g\u00e4ster och ge dem en m\u00e5ltidsupplevelse.<\/p>\n<p>Delar av din kurs g\u00f6r du i form av APL (Arbetsplatsf\u00f6rlagt l\u00e4rande) p\u00e5 restauranger och i stork\u00f6k. Skolan samarbetar med ett antal f\u00f6retag i och runt G\u00f6teborg. Tillsammans ger vi dig en bra kombination av grundutbildning och branschvana. I \u00e5rskurs tre har du dessutom m\u00f6jlighet att g\u00f6ra utlandspraktik.[\/vc_column_text][vc_video link=&#8221;https:\/\/youtu.be\/Hyj4pEOmR8g&#8221; css=&#8221;.vc_custom_1605019857259{margin-bottom: 30px !important;}&#8221;][vc_video link=&#8221;https:\/\/youtu.be\/og2ZZx89iA4&#8243;][\/vc_tta_section][vc_tta_section title=&#8221;L\u00e4rling&#8221; tab_id=&#8221;1597841932000-6a675592-17671598601429408&#8243;][vc_column_text]Att vara l\u00e4rling inneb\u00e4r att du f\u00e5r stor del av din praktiska utbildning p\u00e5 en arbetsplats ist\u00e4llet f\u00f6r i skolan. L\u00e4rlingsutbildning \u00e4r en variant av programmet d\u00e4r du har mer arbetsplatsf\u00f6rlagt l\u00e4rande, APL, \u00e4n vanligt. D\u00e5 \u00e4r du p\u00e5 din arbetsplats 2-3 dagar i veckan. De andra dagarna \u00e4r du i skolan och l\u00e4ser teoretiska kurer som svenska, engelska och matte. Det \u00e4r samma utbildning och samma kurser du f\u00e5r, men du genomf\u00f6r den p\u00e5 ett annat s\u00e4tt.[\/vc_column_text][\/vc_tta_section][vc_tta_section title=&#8221;Programinriktat val&#8221; tab_id=&#8221;1600089804790-46327281-d164&#8243;][vc_column_text]Om du \u00e4nnu inte blivit klar med grundskolans kurser men \u00e4r intresserad av v\u00e5ra ordinarie program s\u00e5 kan du l\u00e4sa programinriktat val. D\u00e5 f\u00f6ljer du samma schema som de som l\u00e4ser Hotell eller Restaurangutbildningen. Samtidigt hj\u00e4lper vi dig att ordna utbildningen i kursen du saknade s\u00e5 att du blir beh\u00f6rig under f\u00f6rsta \u00e5ret.[\/vc_column_text][\/vc_tta_section][vc_tta_section title=&#8221;Yrkesintroduktion&#8221; tab_id=&#8221;1600089824295-c4f85d56-3f11&#8243;][vc_column_text css=&#8221;.vc_custom_1635500698526{margin-bottom: 30px !important;}&#8221;]Yrkesintroduktion \u00e4r en utbildning som framf\u00f6r allt syftar till att g\u00f6ra dig anst\u00e4llningsbar eller beh\u00f6rig till ett nationellt program p\u00e5 gymnasiet. Du kan l\u00e4sa svenska, svenska som andraspr\u00e5k, matematik och engelska p\u00e5 grundskoleniv\u00e5 om du vill bli beh\u00f6rig att s\u00f6ka ett nationellt program. Du f\u00e5r m\u00f6jlighet att l\u00e4sa yrkes\u00e4mnen p\u00e5 gymnasieniv\u00e5 f\u00f6r att f\u00e5 kunskap om yrket.<\/p>\n<p>P\u00e5 Esters Mosessons gymnasium har vi ocks\u00e5 yrkespaket. Yrkespaket \u00e4r n\u00e5got du kan s\u00f6ka till om du tidigare exempelvis har g\u00e5tt p\u00e5 ett introduktionsprogram. Grundpaketet p\u00e5 yrkesintroduktionen \u00e4r upplagt \u00f6ver tv\u00e5 \u00e5r och du g\u00f6r stora delar av utbildningen ute p\u00e5 en praktikplats. Utbildningen \u00e4r yrkesinriktad och omfattar b\u00e5de teori och praktik, och du l\u00e4r dig det praktiska hantverket p\u00e5 skolan men \u00e4ven ute p\u00e5 en arbetsplats. D\u00e4r har du en handledare som ansvarar f\u00f6r att du f\u00e5r l\u00e4ra dig yrkets olika delar. En l\u00e4rare fr\u00e5n skolan kommer ut och bes\u00f6ker dig regelbundet. Du utf\u00f6r arbete och f\u00f6ljer arbetsplatsens arbetstider. Du kan l\u00e4sa mer om de olika yrkespaketens inneh\u00e5ll p\u00e5 <a href=\"https:\/\/goteborg.se\/wps\/portal\/enhetssida\/ester-mosessons-gymnasium\/\" target=\"_blank\" rel=\"noopener\">v\u00e5r webbplats<\/a>.[\/vc_column_text][vc_video link=&#8221;https:\/\/youtu.be\/o6ZwES9i-LM&#8221; css=&#8221;.vc_custom_1635500564932{margin-bottom: 30px !important;}&#8221;][\/vc_tta_section][\/vc_tta_accordion]<div class=\"theme-button-wrap textcenter wpex-clr\"><a href=\"https:\/\/goteborg.se\/wps\/portal\/enhetssida\/ester-mosessons-gymnasium\/\" class=\"vcex-button theme-button align-center inline\" style=\"background:#b30003;padding-right:1.5em;padding-left:1.5em;color:#ffffff;font-weight:800;border-radius:var(--wpex-rounded-full);margin-top:40px;\" data-wpex-hover='{&quot;background&quot;:&quot;#ffffff&quot;,&quot;color&quot;:&quot;#b30003&quot;}' title=\"L\u00e4s mer om programmen p\u00e5 v\u00e5r webbplats\" target=\"_blank\" aria-label=\"L\u00e4s mer om programmen p\u00e5 v\u00e5r webbplats\" rel=\"noopener noreferrer\"><span class=\"vcex-button-inner theme-button-inner\">L\u00e4s mer om programmen p\u00e5 v\u00e5r webbplats<\/span><\/a><\/div> <div class=\"theme-button-wrap textcenter wpex-clr\"><a href=\"https:\/\/www.skoogle.nu\/oppethus\/rorelsehindrad\/\" class=\"vcex-button theme-button align-center inline\" style=\"background:#b30003;padding-right:1.5em;padding-left:1.5em;color:#ffffff;font-weight:800;border-radius:var(--wpex-rounded-full);margin-top:1em;\" data-wpex-hover='{&quot;background&quot;:&quot;#ffffff&quot;,&quot;color&quot;:&quot;#b30003&quot;}' title=\"R\u00f6relsehindrad och ska s\u00f6ka gymnasium? Klicka h\u00e4r\" target=\"_blank\" aria-label=\"R\u00f6relsehindrad och ska s\u00f6ka gymnasium? Klicka h\u00e4r\" rel=\"noopener noreferrer\"><span class=\"vcex-button-inner theme-button-inner\">R\u00f6relsehindrad och ska s\u00f6ka gymnasium? Klicka h\u00e4r<\/span><\/a><\/div> [\/vc_column][\/vc_row][vc_row full_width=&#8221;stretch_row&#8221; css=&#8221;.vc_custom_1726576704319{margin-bottom: 40px !important;padding-top: 100px !important;padding-bottom: 100px !important;background-color: #b30003 !important;}&#8221; el_class=&#8221;apply&#8221;][vc_column][vc_column_text color=&#8221;#ffffff&#8221;]\n<h3>S\u00f6k till Esters h\u00e4r<\/h3>\n[\/vc_column_text]<figure class=\"vcex-image vcex-module white\"><div class=\"vcex-image-inner wpex-relative wpex-inline-block\"><img width=\"1502\" height=\"2166\" src=\"https:\/\/www.skoogle.nu\/oppethus\/wp-content\/uploads\/2024\/09\/VGR_white_lg.png\" class=\"vcex-image-img wpex-align-middle\" alt=\"\" loading=\"lazy\" decoding=\"async\" srcset=\"https:\/\/www.skoogle.nu\/oppethus\/wp-content\/uploads\/2024\/09\/VGR_white_lg.png 1502w, https:\/\/www.skoogle.nu\/oppethus\/wp-content\/uploads\/2024\/09\/VGR_white_lg-208x300.png 208w, https:\/\/www.skoogle.nu\/oppethus\/wp-content\/uploads\/2024\/09\/VGR_white_lg-710x1024.png 710w, https:\/\/www.skoogle.nu\/oppethus\/wp-content\/uploads\/2024\/09\/VGR_white_lg-768x1108.png 768w, https:\/\/www.skoogle.nu\/oppethus\/wp-content\/uploads\/2024\/09\/VGR_white_lg-1065x1536.png 1065w, https:\/\/www.skoogle.nu\/oppethus\/wp-content\/uploads\/2024\/09\/VGR_white_lg-1420x2048.png 1420w\" sizes=\"auto, (max-width: 1502px) 100vw, 1502px\" \/><\/div><\/figure><figure class=\"vcex-image vcex-module\"><div class=\"vcex-image-inner wpex-relative wpex-inline-block\"><img width=\"654\" height=\"554\" src=\"https:\/\/www.skoogle.nu\/oppethus\/wp-content\/uploads\/2024\/09\/VGR_esters_sm.png\" class=\"vcex-image-img wpex-align-middle\" alt=\"\" loading=\"lazy\" decoding=\"async\" srcset=\"https:\/\/www.skoogle.nu\/oppethus\/wp-content\/uploads\/2024\/09\/VGR_esters_sm.png 654w, https:\/\/www.skoogle.nu\/oppethus\/wp-content\/uploads\/2024\/09\/VGR_esters_sm-300x254.png 300w\" sizes=\"auto, (max-width: 654px) 100vw, 654px\" \/><\/div><\/figure><div class=\"vc_custom_1726942779624 wpex-clr\"><a href=\"https:\/\/indra2.se\/\" class=\"vcex-button theme-button inline\" style=\"background:#fefefe;color:#000000;border:1px solid #FFF;font-weight:700;border-radius:var(--wpex-rounded-full);\" data-wpex-hover='{&quot;background&quot;:&quot;#ffffff00&quot;,&quot;color&quot;:&quot;#ffffff&quot;}' target=\"_blank\" aria-label=\"G\u00e5 till Indra2\" rel=\"noopener noreferrer\"><span class=\"vcex-button-inner theme-button-inner\">G\u00e5 till Indra2<\/span><\/a><\/div> [\/vc_column][\/vc_row][vc_row full_width=&#8221;stretch_row&#8221; css=&#8221;.vc_custom_1726661969287{padding-top: 80px !important;padding-bottom: 40px !important;background-color: #b30003 !important;}&#8221;][vc_column][vc_column_text color=&#8221;#ffffff&#8221; line_height=&#8221;1.5&#8243; css=&#8221;.vc_custom_1726502204194{margin-bottom: 40px !important;}&#8221; font_size=&#8221;16&#8243;]\n<h3>Ester Mosessons Gymnasium<\/h3>\n<p><strong>Kontakta oss<\/strong><br \/>\n<a href=\"mailto:info.mosesson@educ.goteborg.se\">info.mosesson@educ.goteborg.se<\/a><br \/>\n<a href=\"tel:031-367 22 00\">031-367 22 00<\/a><\/p>\n<p><a href=\"https:\/\/goteborg.se\/wps\/portal\/enhetssida\/ester-mosessons-gymnasium\/kontakt\" target=\"_blank\" rel=\"noopener noreferrer\">Alla kontaktuppgifter<\/a>[\/vc_column_text]<div class=\"vcex-module vcex-icon-box vcex-icon-box-one wpex-flex wpex-text-left inline\"><div class=\"vcex-icon-box-symbol wpex-flex-shrink-0 wpex-mr-20\"><a href=\"https:\/\/www.facebook.com\/EsterMosessonsGymnasium\" class=\"wpex-no-underline\" title=\"Bes\u00f6k Ester Mosessons Gymnasiums Facebook-sida\" target=\"_blank\" rel=\"noopener noreferrer\"><img width=\"36\" height=\"36\" src=\"https:\/\/www.skoogle.nu\/oppethus\/wp-content\/uploads\/2024\/09\/f_logo-1.png\" class=\"vcex-icon-box-image wpex-align-middle\" alt=\"\" loading=\"lazy\" decoding=\"async\" \/><\/a><\/div><div class=\"vcex-icon-box-text wpex-flex-grow\"><\/div><\/div><div class=\"vcex-module vcex-icon-box vcex-icon-box-one wpex-flex wpex-text-left inline\"><div class=\"vcex-icon-box-symbol wpex-flex-shrink-0 wpex-mr-20\"><a href=\"https:\/\/www.instagram.com\/estermosessonsgymnasium\/\" class=\"wpex-no-underline\" title=\"Bes\u00f6k Ester Mosessons Gymnasiums Instagram-sida\" target=\"_blank\" rel=\"noopener noreferrer\"><img width=\"35\" height=\"36\" src=\"https:\/\/www.skoogle.nu\/oppethus\/wp-content\/uploads\/2024\/09\/INSTA.png\" class=\"vcex-icon-box-image wpex-align-middle\" alt=\"\" loading=\"lazy\" decoding=\"async\" \/><\/a><\/div><div class=\"vcex-icon-box-text wpex-flex-grow\"><\/div><\/div>[\/vc_column][\/vc_row]\n","protected":false},"excerpt":{"rendered":"<p>[vc_row full_width=&#8221;stretch_row_content&#8221; css=&#8221;.vc_custom_1726659359826{margin-bottom: 0px !important;}&#8221;][vc_column css=&#8221;.vc_custom_1726659367197{margin-bottom: 0px !important;}&#8221;][\/vc_column][\/vc_row][vc_row full_width=&#8221;stretch_row&#8221; css=&#8221;.vc_custom_1726577012051{padding-bottom: 40px !important;}&#8221;][vc_column][vc_column_text color=&#8221;currentColor&#8221; width=&#8221;740&#8243; text_align=&#8221;center&#8221; el_class=&#8221;ingress&#8221;] Ester Mosessons utbildar f\u00f6r v\u00e4rldens jobb Ester Mosessons \u00e4r skolan f\u00f6r dig som vill arbeta inom bes\u00f6ksn\u00e4ringen. Vill du bli reseledare, stj\u00e4rnkock, bartender, hotellreceptionist eller konditor? H\u00e4r f\u00e5r du en bra utbildning med mycket praktiskt arbete och efter studenten&hellip;<\/p>\n","protected":false},"author":8,"featured_media":0,"parent":0,"menu_order":0,"comment_status":"closed","ping_status":"closed","template":"","meta":{"footnotes":""},"class_list":["post-10","page","type-page","status-publish","hentry","entry","no-media"],"_links":{"self":[{"href":"https:\/\/www.skoogle.nu\/oppethus\/wp-json\/wp\/v2\/pages\/10","targetHints":{"allow":["GET"]}}],"collection":[{"href":"https:\/\/www.skoogle.nu\/oppethus\/wp-json\/wp\/v2\/pages"}],"about":[{"href":"https:\/\/www.skoogle.nu\/oppethus\/wp-json\/wp\/v2\/types\/page"}],"author":[{"embeddable":true,"href":"https:\/\/www.skoogle.nu\/oppethus\/wp-json\/wp\/v2\/users\/8"}],"replies":[{"embeddable":true,"href":"https:\/\/www.skoogle.nu\/oppethus\/wp-json\/wp\/v2\/comments?post=10"}],"version-history":[{"count":5,"href":"https:\/\/www.skoogle.nu\/oppethus\/wp-json\/wp\/v2\/pages\/10\/revisions"}],"predecessor-version":[{"id":4474,"href":"https:\/\/www.skoogle.nu\/oppethus\/wp-json\/wp\/v2\/pages\/10\/revisions\/4474"}],"wp:attachment":[{"href":"https:\/\/www.skoogle.nu\/oppethus\/wp-json\/wp\/v2\/media?parent=10"}],"curies":[{"name":"wp","href":"https:\/\/api.w.org\/{rel}","templated":true}]}}