{"id":245,"date":"2020-08-21T14:37:47","date_gmt":"2020-08-21T12:37:47","guid":{"rendered":"http:\/\/www.skoogle.nu\/oppethus\/?page_id=245"},"modified":"2026-04-20T12:48:44","modified_gmt":"2026-04-20T10:48:44","slug":"bernadottegymnasiet","status":"publish","type":"page","link":"https:\/\/www.skoogle.nu\/oppethus\/bernadottegymnasiet\/","title":{"rendered":"Bernadottegymnasiet"},"content":{"rendered":"[vc_row full_width=&#8221;stretch_row_content&#8221; content_placement=&#8221;middle&#8221; css=&#8221;.vc_custom_1726333305726{background-position: center !important;background-repeat: no-repeat !important;background-size: cover !important;}&#8221; wpex_bg_position=&#8221;center left&#8221;][vc_column]<style>.vcex-image.vcex_69e89ef6de697 .vcex-image-img{border-radius:var(--wpex-rounded-md);object-position:center 30%;}<\/style><figure class=\"vcex-image vcex-module textcenter hero vcex_69e89ef6de697\"><div class=\"vcex-image-inner wpex-relative wpex-inline-block\"><img data-no-lazy=\"1\" class=\"vcex-image-img wpex-align-middle skip-lazy\" src=\"https:\/\/www.skoogle.nu\/oppethus\/wp-content\/uploads\/2024\/09\/bernadotte-hero.png\" alt=\"\" srcset=\"https:\/\/www.skoogle.nu\/oppethus\/wp-content\/uploads\/2024\/09\/bernadotte-hero.png 1920w, https:\/\/www.skoogle.nu\/oppethus\/wp-content\/uploads\/2024\/09\/bernadotte-hero-300x171.png 300w, https:\/\/www.skoogle.nu\/oppethus\/wp-content\/uploads\/2024\/09\/bernadotte-hero-1024x582.png 1024w, https:\/\/www.skoogle.nu\/oppethus\/wp-content\/uploads\/2024\/09\/bernadotte-hero-768x437.png 768w, https:\/\/www.skoogle.nu\/oppethus\/wp-content\/uploads\/2024\/09\/bernadotte-hero-1536x874.png 1536w\" width=\"1920\" height=\"1092\"><\/div><\/figure><style>.vcex-image.vcex_69e89ef6e0415 .vcex-image-inner{max-width:280px;}<\/style><figure class=\"vcex-image vcex-module textcenter hero-logo vcex_69e89ef6e0415\"><div class=\"vcex-image-inner wpex-relative wpex-inline-block\"><img width=\"562\" height=\"512\" src=\"https:\/\/www.skoogle.nu\/oppethus\/wp-content\/uploads\/2024\/09\/bernadotte-logo.png\" class=\"vcex-image-img wpex-align-middle skip-lazy\" alt=\"\" data-no-lazy=\"1\" srcset=\"https:\/\/www.skoogle.nu\/oppethus\/wp-content\/uploads\/2024\/09\/bernadotte-logo.png 562w, https:\/\/www.skoogle.nu\/oppethus\/wp-content\/uploads\/2024\/09\/bernadotte-logo-300x273.png 300w\" sizes=\"(max-width: 562px) 100vw, 562px\" \/><\/div><\/figure>[\/vc_column][vc_column typography_style=&#8221;black&#8221; css=&#8221;.vc_custom_1726650914536{padding-top: 100px !important;}&#8221;][vc_row_inner][vc_column_inner el_class=&#8221;ingress&#8221;][vc_column_text child_inherit_color=&#8221;false&#8221; color=&#8221;currentColor&#8221; text_align=&#8221;center&#8221; width=&#8221;960&#8243;]\n<h1 style=\"text-align: center;\">Det h\u00e4r \u00e4r <span style=\"hyphens: auto; overflow-wrap: break-word;\">Bernadottegymnasiet<\/span><\/h1>\n<p style=\"text-align: center;\">Bernadottegymnasiet erbjuder Samh\u00e4llsvetenskapsprogrammet med uniformsprofil och med extra fokus p\u00e5 beteendevetenskap. <strong>Utbildningen g\u00e5r att kombinera med elitidrott p\u00e5 Katrinelundsgymnasiet.<\/strong><\/p>\n<p style=\"text-align: center;\">Under din tid p\u00e5 Bernadottegymnasiet f\u00e5r du b\u00e5de en teoretisk utbildning och m\u00f6jlighet att vara fysiskt aktiv. Vi tr\u00e4nar p\u00e5 samarbete och ledarskap ute i naturen f\u00f6r att f\u00f6rbereda dig f\u00f6r en framtid inom ett uniformsyrke eller vidare studier.<\/p>\n<p style=\"text-align: center;\"><div class=\"vcex-module vcex-divider vcex-divider-solid vcex-divider-center wpex-mx-auto wpex-max-w-100 wpex-block wpex-h-0 wpex-border-b wpex-border-solid wpex-border-main\" style=\"width:100%;margin-top:20px;margin-bottom:20px;border-bottom-width:1px;border-color:#dddddd;\"><\/div>\n<p style=\"text-align: center;\">Vi har \u00f6ppet hus f\u00f6ljande datum:<\/p>\n<p style=\"text-align: center;\"><strong><del>L\u00f6rdag 15 november klockan 10-14<\/del><br \/>\n<del>Onsdag 14 januari klockan 18-20<\/del><br \/>\n<\/strong><em>Plats: Sk\u00e5negatan 18<\/em><\/p>\n[\/vc_column_text][\/vc_column_inner][\/vc_row_inner][\/vc_column][\/vc_row][vc_row full_width=&#8221;stretch_row&#8221; typography_style=&#8221;black&#8221; css=&#8221;.vc_custom_1726650591316{padding-top: 60px !important;padding-bottom: 40px !important;background-color: #d4ac74 !important;background-position: center !important;background-repeat: no-repeat !important;background-size: cover !important;}&#8221; wpex_bg_position=&#8221;center center&#8221;][vc_column][vc_row_inner css=&#8221;.vc_custom_1726334468537{padding-top: 40px !important;}&#8221; el_class=&#8221;form-row&#8221;][vc_column_inner el_class=&#8221;max-900&#8243;][vc_column_text text_align=&#8221;center&#8221; css=&#8221;.vc_custom_1756991604513{margin-bottom: 40px !important;}&#8221;]\n<h2 style=\"text-align: left;\">Vill du ha en p\u00e5minnelse om \u00f6ppet hus?<\/h2>\n[\/vc_column_text][vc_column_text child_inherit_color=&#8221;false&#8221; font_weight=&#8221;bold&#8221; color=&#8221;#000000&#8243;]<div class=\"frm_forms  with_frm_style frm_style_bernadottegymnasiet\" id=\"frm_form_59_container\" >\n<form enctype=\"multipart\/form-data\" method=\"post\" class=\"frm-show-form  frm_js_validate  frm_ajax_submit  frm_pro_form \" id=\"form_digitaltppethuspestersd557bd2cb6bff5ee54de60a92350a623cb8e902\" >\n<div class=\"frm_form_fields \">\n<fieldset>\n<legend class=\"frm_screen_reader\">Bernadottegymnasiet l\u00e4s\u00e5ret 2025-2026<\/legend>\r\n\r\n<div class=\"frm_fields_container\">\n<input type=\"hidden\" name=\"frm_action\" value=\"create\" \/>\n<input type=\"hidden\" name=\"form_id\" value=\"59\" \/>\n<input type=\"hidden\" name=\"frm_hide_fields_59\" id=\"frm_hide_fields_59\" value=\"\" \/>\n<input type=\"hidden\" name=\"form_key\" value=\"digitaltppethuspestersd557bd2cb6bff5ee54de60a92350a623cb8e902\" \/>\n<input type=\"hidden\" name=\"item_meta[0]\" value=\"\" \/>\n<input type=\"hidden\" id=\"frm_submit_entry_59\" name=\"frm_submit_entry_59\" value=\"9f02121420\" \/><input type=\"hidden\" name=\"_wp_http_referer\" value=\"\/oppethus\/wp-json\/wp\/v2\/pages\/245\" \/><div id=\"frm_field_422_container\" class=\"frm_form_field form-field  frm_required_field frm_top_container frm12 frm_first vertical_radio\">\r\n    <div  id=\"field_l529f_label\" class=\"frm_primary_label\">Jag vill bli kontaktad via\r\n        <span class=\"frm_required\" aria-hidden=\"true\"><\/span>\r\n    <\/div>\r\n    <div class=\"frm_opt_container\" aria-labelledby=\"field_l529f_label\" role=\"group\">\t\t<div class=\"frm_checkbox\" id=\"frm_checkbox_422-0\">\t\t\t<label  for=\"field_l529f-0\">\n\t\t\t<input type=\"checkbox\" name=\"item_meta[422][]\" id=\"field_l529f-0\" value=\"E-post\"  data-reqmsg=\"Detta f\u00e4lt kan inte vara tomt.\" data-invmsg=\"Jag vill bli kontaktad via \u00e4r ogiltigt\"   aria-required=\"true\"  \/> E-post<\/label><\/div>\n\t\t<div class=\"frm_checkbox\" id=\"frm_checkbox_422-1\">\t\t\t<label  for=\"field_l529f-1\">\n\t\t\t<input type=\"checkbox\" name=\"item_meta[422][]\" id=\"field_l529f-1\" value=\"Mobil\"  data-reqmsg=\"Detta f\u00e4lt kan inte vara tomt.\" data-invmsg=\"Jag vill bli kontaktad via \u00e4r ogiltigt\"   \/> Mobil<\/label><\/div>\n<\/div>\r\n    \r\n    \r\n<\/div>\n<div id=\"frm_field_389_container\" class=\"frm_form_field form-field  frm_required_field frm_top_container frm12 frm_first\">\r\n    <label for=\"field_i6xiw2\" id=\"field_i6xiw2_label\" class=\"frm_primary_label\">E-post\r\n        <span class=\"frm_required\" aria-hidden=\"true\"><\/span>\r\n    <\/label>\r\n    <input type=\"email\" id=\"field_i6xiw2\" name=\"item_meta[389]\" value=\"\"  data-reqmsg=\"Detta f\u00e4lt kan inte vara tomt.\" aria-required=\"true\" data-invmsg=\"E-post \u00e4r ogiltigt\" aria-invalid=\"false\"  \/>\r\n    \r\n    \r\n<\/div>\n<div id=\"frm_field_390_container\" class=\"frm_form_field form-field  frm_required_field frm_top_container\">\r\n    <label for=\"field_x1i312\" id=\"field_x1i312_label\" class=\"frm_primary_label\">Mobilnummer\r\n        <span class=\"frm_required\" aria-hidden=\"true\"><\/span>\r\n    <\/label>\r\n    <input  type=\"text\" id=\"field_x1i312\" name=\"item_meta[390]\" value=\"\"  data-reqmsg=\"Detta f\u00e4lt kan inte vara tomt.\" aria-required=\"true\" data-invmsg=\"Text \u00e4r ogiltigt\" aria-invalid=\"false\"   \/>\r\n    \r\n    \r\n<\/div>\n<div id=\"frm_field_391_container\" class=\"frm_form_field form-field  frm_top_container\">\r\n    <label for=\"field_ltx0mbc8475709d2\" id=\"field_ltx0mbc8475709d2_label\" class=\"frm_primary_label\">Har du en fr\u00e5ga? Skriv h\u00e4r.\r\n        <span class=\"frm_required\" aria-hidden=\"true\"><\/span>\r\n    <\/label>\r\n    <textarea data-auto-grow=\"1\"  name=\"item_meta[391]\" id=\"field_ltx0mbc8475709d2\" rows=\"1\"  data-invmsg=\"Har du en fr\u00e5ga? Skriv h\u00e4r. \u00e4r ogiltigt\" aria-invalid=\"false\"  ><\/textarea>\r\n    \r\n    \r\n<\/div>\n<div id=\"frm_field_392_container\" class=\"frm_form_field form-field  frm_required_field frm_top_container vertical_radio\">\r\n    <div  id=\"field_bgeyu3a398b0a504ca65d1bb1db947652cf3306de3c78d3f93face72_label\" class=\"frm_primary_label\">\r\n        <span class=\"frm_required\"><\/span>\r\n    <\/div>\r\n    <div class=\"frm_opt_container\" aria-labelledby=\"field_bgeyu3a398b0a504ca65d1bb1db947652cf3306de3c78d3f93face72_label\" role=\"group\">\t\t<div class=\"frm_checkbox\" id=\"frm_checkbox_392-0\">\t\t\t<label  for=\"field_bgeyu3a398b0a504ca65d1bb1db947652cf3306de3c78d3f93face72-0\">\n\t\t\t<input type=\"checkbox\" name=\"item_meta[392][]\" id=\"field_bgeyu3a398b0a504ca65d1bb1db947652cf3306de3c78d3f93face72-0\" value=\"Jag samtycker till att mina personuppgifter samlas in och behandlas enligt &lt;a href=&quot;https:\/\/goteborg.se\/wps\/portal\/start\/kommun-och-politik\/kommunens-organisation\/forvaltningar-och-namnder\/utbildningsforvaltningen\/sa-behandlar-utbildningsforvaltningen-personuppgifter&quot; target=&quot;_blank&quot;&gt;G\u00f6teborgs Stads personuppgiftspolicy&lt;\/a&gt;\"  data-reqmsg=\"Detta f\u00e4lt kan inte vara tomt.\" data-invmsg=\"Detta f\u00e4lt \u00e4r ogiltigt\"   aria-required=\"true\"  \/> Jag samtycker till att mina personuppgifter samlas in och behandlas enligt <a href=\"https:\/\/goteborg.se\/wps\/portal\/start\/kommun-och-politik\/kommunens-organisation\/forvaltningar-och-namnder\/utbildningsforvaltningen\/sa-behandlar-utbildningsforvaltningen-personuppgifter\" target=\"_blank\">G\u00f6teborgs Stads personuppgiftspolicy<\/a><\/label><\/div>\n<\/div>\r\n    \r\n    \r\n<\/div>\n<div id=\"frm_field_442_container\" class=\"frm_form_field form-field \">\r\n\t<div class=\"frm_submit\">\r\n\r\n<button class=\"frm_button_submit frm_final_submit\" type=\"submit\"   formnovalidate=\"formnovalidate\">Skicka<\/button>\r\n\r\n<\/div>\r\n<\/div>\n\t<input type=\"hidden\" name=\"item_key\" value=\"\" \/>\n\t\t\t<div id=\"frm_field_451_container\">\n\t\t\t<label for=\"field_mv6eg\" >\n\t\t\t\tOm du \u00e4r m\u00e4nsklig, l\u00e4mna det h\u00e4r f\u00e4ltet tomt.\t\t\t<\/label>\n\t\t\t<input  id=\"field_mv6eg\" type=\"text\" class=\"frm_form_field form-field frm_verify\" name=\"item_meta[451]\" value=\"\"  \/>\n\t\t<\/div>\n\t\t<input name=\"frm_state\" type=\"hidden\" value=\"bcqT7TTHKBDFDUln\/oqR5p31PrJMoE0QYbA8ZsHenzbwnF170I0ZKba3ih1slLWz\" \/><\/div>\n<\/fieldset>\n<\/div>\n\n<\/form>\n<\/div>\n[\/vc_column_text][\/vc_column_inner][\/vc_row_inner][\/vc_column][\/vc_row][vc_row full_width=&#8221;stretch_row&#8221; css=&#8221;.vc_custom_1726355890110{margin-top: 100px !important;background-position: center !important;background-repeat: no-repeat !important;background-size: cover !important;}&#8221; wpex_bg_position=&#8221;center center&#8221;][vc_column][vc_row_inner][vc_column_inner][vc_video link=&#8221;https:\/\/youtu.be\/VL33gKDzS-g&#8221;][\/vc_column_inner][\/vc_row_inner][\/vc_column][\/vc_row][vc_row full_width=&#8221;stretch_row&#8221; disable_element=&#8221;yes&#8221; css=&#8221;.vc_custom_1642606987018{padding-top: 20px !important;padding-bottom: 40px !important;background-color: #84734c !important;background-position: center !important;background-repeat: no-repeat !important;background-size: cover !important;}&#8221; wpex_bg_position=&#8221;center center&#8221;][vc_column][vc_single_image image=&#8221;830&#8243; img_size=&#8221;450&#215;411&#8243; alignment=&#8221;center&#8221; css=&#8221;.vc_custom_1600861460365{padding-top: 30px !important;padding-right: 30px !important;padding-bottom: 30px !important;padding-left: 30px !important;}&#8221;][vc_row_inner css=&#8221;.vc_custom_1629902492674{padding-top: 40px !important;background-color: #ffffff !important;}&#8221; el_class=&#8221;form-row&#8221;][vc_column_inner][vc_column_text]\n<h1><span style=\"color: #84734c;\">Missa inte \u00f6ppet hus! Fyll i h\u00e4r.<\/span><\/h1>\n[\/vc_column_text][\/vc_column_inner][\/vc_row_inner][vc_row_inner css=&#8221;.vc_custom_1629902497631{background-color: #ffffff !important;}&#8221; el_class=&#8221;form-row&#8221;][vc_column_inner width=&#8221;1\/2&#8243;][vc_column_text css=&#8221;.vc_custom_1642595225373{margin-bottom: 25px !important;}&#8221;]Varmt v\u00e4lkommen till v\u00e5rt \u00f6ppet hus. Fyll i formul\u00e4ret f\u00f6r att f\u00e5 p\u00e5minnelse i mobilen eller f\u00f6r att st\u00e4lla en fr\u00e5ga.<\/p>\n<p>P\u00e5 v\u00e5rt \u00f6ppet hus finns elever, l\u00e4rare, rektorer och skolpersonal p\u00e5 plats, redo att visa er runt och svara p\u00e5 era fr\u00e5gor. I \u00e5r erbjuder vi b\u00e5de fysiskt och digitalt \u00f6ppet hus. V\u00e4lj sj\u00e4lv om du bes\u00f6ker oss p\u00e5 plats eller hemma fr\u00e5n soffan!<\/p>\n<h4><span style=\"color: #cccccc;\"><del><strong>L\u00f6rdag 13 november. Klockan 10-14<\/strong><\/del><\/span><\/h4>\n<p><span style=\"color: #cccccc;\"><del><em>Plats: Bernadottegymnasiet, Sk\u00e5negatan 18<\/em><\/del><\/span><\/p>\n<h4><span style=\"color: #cccccc;\"><del><strong>Onsdag 24 november. Klockan 17-19<\/strong><\/del><\/span><\/h4>\n<p><span style=\"color: #cccccc;\"><del><em>Plats: Digitalt<\/em><\/del><\/span><\/p>\n<h4><strong><span style=\"color: #84734c;\">Onsdag 19 januari. Klockan 17.30 &#8211; 19.00<\/span><\/strong><\/h4>\n<p><em>Plats: <strong>Digitalt<\/strong> (V\u00e5rt digitala \u00f6ppet hus kommer \u00e4ga rum p\u00e5 denna sida. Vi ses!)<\/em>[\/vc_column_text][\/vc_column_inner][vc_column_inner width=&#8221;1\/2&#8243;][vc_column_text font_weight=&#8221;bold&#8221;]V\u00e4lj ett giltigt formul\u00e4r[\/vc_column_text][\/vc_column_inner][\/vc_row_inner][\/vc_column][\/vc_row][vc_row css=&#8221;.vc_custom_1726355927210{background-position: center !important;background-repeat: no-repeat !important;background-size: cover !important;}&#8221; max_width_custom=&#8221;850&#8243;][vc_column][vc_column_text child_inherit_color=&#8221;false&#8221; text_align=&#8221;center&#8221; css=&#8221;.vc_custom_1726355597783{margin-bottom: 40px !important;}&#8221; color=&#8221;currentColor&#8221;]\n<h3 style=\"text-align: left;\">V\u00e5ra program<\/h3>\n[\/vc_column_text][vc_tta_accordion style=&#8221;flat&#8221; shape=&#8221;square&#8221; color=&#8221;white&#8221; gap=&#8221;10&#8243; c_position=&#8221;right&#8221; active_section=&#8221;999&#8243; collapsible_all=&#8221;true&#8221; el_class=&#8221;bernadotte&#8221;][vc_tta_section title=&#8221;Samh\u00e4llsvetenskapsprogrammet&#8221; tab_id=&#8221;1601471160267-a2440922-2d71&#8243;][vc_column_text]Uppt\u00e4ck gl\u00e4djen i att l\u00e4ra! F\u00f6rbered dig v\u00e4l inf\u00f6r vidare studier vid universitet eller h\u00f6gskola! Samh\u00e4llsvetenskapsprogrammet ger dig den kunskapsbas och de verktyg du beh\u00f6ver f\u00f6r dina fortsatta studier.<\/p>\n<p>Tillsammans med dina skickliga och engagerade l\u00e4rare vidgar och f\u00f6rdjupar du dina kunskaper om individen, grupper, samh\u00e4llet och v\u00e4rlden. Tillsammans med dina kamrater i skolan f\u00e5r du i olika former uppt\u00e4cka, utforska och kritiskt granska din omv\u00e4rld.<\/p>\n<p><strong>M\u00e5nga m\u00f6jligheter<\/strong><br \/>\nUtbildningen ger en bra grund och beh\u00f6righet till m\u00e5nga h\u00f6gskoleutbildningar som advokat, ekonom, journalist, l\u00e4rare, polis, psykolog eller socionom \u2013 alla viktiga yrken i relation till andra m\u00e4nniskor och samh\u00e4llet i stort.<\/p>\n<p><strong>Inriktning Beteendevetenskap<\/strong><br \/>\nInriktningen ska ge kunskaper om m\u00e4nniskors utveckling, socialisation och samspel i olika sammanhang. I inriktningen ska du f\u00f6rdjupa din f\u00f6rst\u00e5else av m\u00e4nniskors agerande som individer samt som deltagare i grupper, organisationer och samh\u00e4llen ur olika perspektiv. Inriktningen ska \u00e4ven ge kunskaper om kommunikation, l\u00e4rande och ledarskap samt utveckla din f\u00f6rm\u00e5ga att till\u00e4mpa metoder som anv\u00e4nds inom samh\u00e4llsvetenskapen.<\/p>\n<p><a href=\"https:\/\/www.skoogle.nu\/oppethus\/wp-content\/uploads\/2025\/09\/BEG-SA-start-GY-25.pdf\" target=\"_blank\" rel=\"noopener noreferrer\">Po\u00e4ngplan SA<\/a><\/p>\n<p><a href=\"https:\/\/www.skoogle.nu\/oppethus\/wp-content\/uploads\/2025\/09\/BEG-SA-Elitidrott-GY25.pdf\" target=\"_blank\" rel=\"noopener noreferrer\">Po\u00e4ngplan SA Elitidrott<\/a>[\/vc_column_text][\/vc_tta_section][\/vc_tta_accordion][\/vc_column][\/vc_row][vc_row full_width=&#8221;stretch_row&#8221; css=&#8221;.vc_custom_1726650245765{margin-bottom: 40px !important;}&#8221; local_scroll_id=&#8221;elitidrott&#8221;][vc_column][vc_row_inner remove_bottom_col_margin=&#8221;true&#8221; el_class=&#8221;textspalt&#8221; css=&#8221;.vc_custom_1726650382204{margin-bottom: 40px !important;}&#8221;][vc_column_inner][vc_column_text child_inherit_color=&#8221;false&#8221; color=&#8221;term_color&#8221; css=&#8221;.vc_custom_1726353183721{margin-bottom: 40px !important;}&#8221;]\n<h2>Elitidrott p\u00e5 Bernadotte<\/h2>\n<p>Katrinelund och Bernadottegymnasiet \u00e4r g\u00f6teborgsregionens elitidrottsgymnasium och Sveriges st\u00f6rsta idrottsgymnasium med \u00f6ver 550 idrottare. Katrinelundsgymnasiet och Bernadottegymnasiet har som m\u00e5l att ge dig som har idrottstalang goda m\u00f6jligheter att kombinera elitsatsning och studier. V\u00e5ra m\u00e5l \u00e4r att eleven utvecklas som elitidrottare, f\u00e5r en h\u00f6gskolef\u00f6rberedande utbildning och samtidigt v\u00e4xer som m\u00e4nniska.<\/p>\n<p><strong>Antagning<\/strong><br \/>\nF\u00f6r att komma in p\u00e5 en idrottsutbildning m\u00e5ste du f\u00f6rst ans\u00f6ka till, och bli rekommenderad av ditt specialidrottsf\u00f6rbund. T\u00e4nk p\u00e5 att ans\u00f6kningen st\u00e4nger tidigare f\u00f6r elitidrott \u00e4n f\u00f6r \u00f6vrig gymnasieans\u00f6kan. Datum hittar du i l\u00e4nken nedan.<\/p>\n<p>L\u00e4s mer om elitidrott p\u00e5 <a href=\"https:\/\/goteborg.se\/wps\/portal\/enhetssida\/bernadottegymnasiet\/elitidrott\" target=\"_blank\" rel=\"noopener noreferrer\">v\u00e5r webbplats<\/a>.[\/vc_column_text][\/vc_column_inner][\/vc_row_inner]<div class=\"vc_custom_1726651912184 wpex-clr\"><div class=\"theme-button-wrap textcenter wpex-clr\"><a href=\"https:\/\/www.goteborg.se\/bernadottegymnasiet\" class=\"vcex-button theme-button align-center inline\" style=\"background:#244951;padding-right:1.5em;padding-left:1.5em;color:#fefdfd;border:1px solid #244951;font-weight:800;border-radius:var(--wpex-rounded-full);\" data-wpex-hover='{&quot;background&quot;:&quot;#ffffff&quot;,&quot;color&quot;:&quot;#244951&quot;}' title=\"L\u00e4s mer om programmen p\u00e5 v\u00e5r hemsida\" target=\"_blank\" aria-label=\"L\u00e4s mer om programmen p\u00e5 v\u00e5r hemsida\" rel=\"noopener noreferrer\"><span class=\"vcex-button-inner theme-button-inner\">L\u00e4s mer om programmen p\u00e5 v\u00e5r hemsida<\/span><\/a><\/div><\/div> <div class=\"vc_custom_1726651943734 wpex-clr\"><div class=\"theme-button-wrap textcenter wpex-clr\"><a href=\"https:\/\/www.skoogle.nu\/oppethus\/rorelsehindrad\/\" class=\"vcex-button theme-button align-center inline\" style=\"background:#244951;color:#ffffff;border:1px solid #244951;font-weight:800;border-radius:var(--wpex-rounded-full);margin-top:1em;\" data-wpex-hover='{&quot;background&quot;:&quot;#ffffff&quot;,&quot;color&quot;:&quot;#244951&quot;}' title=\"R\u00f6relsehindrad och ska s\u00f6ka till gymnasiet? Klicka h\u00e4r\" target=\"_blank\" aria-label=\"R\u00f6relsehindrad och ska s\u00f6ka till gymnasiet? Klicka h\u00e4r\" rel=\"noopener noreferrer\"><span class=\"vcex-button-inner theme-button-inner\">R\u00f6relsehindrad och ska s\u00f6ka till gymnasiet? Klicka h\u00e4r<\/span><\/a><\/div><\/div> [\/vc_column][\/vc_row][vc_row full_width=&#8221;stretch_row&#8221; css=&#8221;.vc_custom_1726575016917{margin-bottom: 40px !important;padding-top: 100px !important;padding-bottom: 100px !important;background-color: #d4ac74 !important;}&#8221; el_class=&#8221;apply&#8221;][vc_column][vc_column_text color=&#8221;#000000&#8243;]\n<h3>S\u00f6k till Bernadottegymnasiet h\u00e4r<\/h3>\n[\/vc_column_text]<figure class=\"vcex-image vcex-module white\"><div class=\"vcex-image-inner wpex-relative wpex-inline-block\"><img width=\"1502\" height=\"2166\" src=\"https:\/\/www.skoogle.nu\/oppethus\/wp-content\/uploads\/2024\/09\/VGR_white_lg.png\" class=\"vcex-image-img wpex-align-middle\" alt=\"\" loading=\"lazy\" decoding=\"async\" srcset=\"https:\/\/www.skoogle.nu\/oppethus\/wp-content\/uploads\/2024\/09\/VGR_white_lg.png 1502w, https:\/\/www.skoogle.nu\/oppethus\/wp-content\/uploads\/2024\/09\/VGR_white_lg-208x300.png 208w, https:\/\/www.skoogle.nu\/oppethus\/wp-content\/uploads\/2024\/09\/VGR_white_lg-710x1024.png 710w, https:\/\/www.skoogle.nu\/oppethus\/wp-content\/uploads\/2024\/09\/VGR_white_lg-768x1108.png 768w, https:\/\/www.skoogle.nu\/oppethus\/wp-content\/uploads\/2024\/09\/VGR_white_lg-1065x1536.png 1065w, https:\/\/www.skoogle.nu\/oppethus\/wp-content\/uploads\/2024\/09\/VGR_white_lg-1420x2048.png 1420w\" sizes=\"auto, (max-width: 1502px) 100vw, 1502px\" \/><\/div><\/figure><figure class=\"vcex-image vcex-module\"><div class=\"vcex-image-inner wpex-relative wpex-inline-block\"><img width=\"654\" height=\"554\" src=\"https:\/\/www.skoogle.nu\/oppethus\/wp-content\/uploads\/2024\/09\/VGR_bernadotte_sm.png\" class=\"vcex-image-img wpex-align-middle\" alt=\"\" loading=\"lazy\" decoding=\"async\" srcset=\"https:\/\/www.skoogle.nu\/oppethus\/wp-content\/uploads\/2024\/09\/VGR_bernadotte_sm.png 654w, https:\/\/www.skoogle.nu\/oppethus\/wp-content\/uploads\/2024\/09\/VGR_bernadotte_sm-300x254.png 300w\" sizes=\"auto, (max-width: 654px) 100vw, 654px\" \/><\/div><\/figure><div class=\"vc_custom_1726942695202 wpex-clr\"><a href=\"https:\/\/indra2.se\/\" class=\"vcex-button theme-button inline\" style=\"background:#000000;color:#fefefe;border:1px solid #000;font-weight:700;border-radius:var(--wpex-rounded-full);\" data-wpex-hover='{&quot;background&quot;:&quot;#ffffff00&quot;,&quot;color&quot;:&quot;#000000&quot;}' target=\"_blank\" aria-label=\"G\u00e5 till Indra2\" rel=\"noopener noreferrer\"><span class=\"vcex-button-inner theme-button-inner\">G\u00e5 till Indra2<\/span><\/a><\/div> [\/vc_column][\/vc_row][vc_row full_width=&#8221;stretch_row&#8221; typography_style=&#8221;white&#8221; css=&#8221;.vc_custom_1726730107945{padding-top: 80px !important;padding-bottom: 40px !important;background-color: #244951 !important;}&#8221;][vc_column][vc_column_text font_size=&#8221;16&#8243; line_height=&#8221;1.5&#8243; css=&#8221;.vc_custom_1726353937692{margin-bottom: 40px !important;}&#8221;]\n<h3>Bernadottegymnasiet<\/h3>\n<p><strong>Kontakta oss<\/strong><br \/>\n<a href=\"mailto:info.bernadottegymnasiet@educ.goteborg.se\">info.bernadottegymnasiet@educ.goteborg.se<\/a><\/p>\n<p><a href=\"tel:031-365 00 00\">031-365 00 00 (G\u00f6teborgs Stads kontaktcenter)<\/a><br \/>\n<a href=\"https:\/\/goteborg.se\/wps\/portal\/enhetssida\/bernadottegymnasiet\/kontakt\" target=\"_blank\" rel=\"noopener noreferrer\">Alla kontaktuppgifter<\/a>[\/vc_column_text]<div class=\"vcex-module vcex-icon-box vcex-icon-box-one wpex-flex wpex-text-left inline\"><div class=\"vcex-icon-box-symbol wpex-flex-shrink-0 wpex-mr-20\"><a href=\"https:\/\/www.facebook.com\/Bernadottegymnasiet\/\" class=\"wpex-no-underline\" title=\"Bernadottegymnasiet p\u00e5 Facebook\" target=\"_blank\" rel=\"noopener noreferrer\"><img width=\"36\" height=\"36\" src=\"https:\/\/www.skoogle.nu\/oppethus\/wp-content\/uploads\/2024\/09\/f_logo-1.png\" class=\"vcex-icon-box-image wpex-align-middle\" alt=\"\" loading=\"lazy\" decoding=\"async\" \/><\/a><\/div><div class=\"vcex-icon-box-text wpex-flex-grow\"><\/div><\/div><div class=\"vcex-module vcex-icon-box vcex-icon-box-one wpex-flex wpex-text-left inline\"><div class=\"vcex-icon-box-symbol wpex-flex-shrink-0 wpex-mr-20\"><a href=\"https:\/\/www.instagram.com\/bernadottegymnasietgbg\/\" class=\"wpex-no-underline\" title=\"Bernadottegymnasiet p\u00e5 Instagram\" target=\"_blank\" rel=\"noopener noreferrer\"><img width=\"35\" height=\"36\" src=\"https:\/\/www.skoogle.nu\/oppethus\/wp-content\/uploads\/2024\/09\/INSTA.png\" class=\"vcex-icon-box-image wpex-align-middle\" alt=\"\" loading=\"lazy\" decoding=\"async\" \/><\/a><\/div><div class=\"vcex-icon-box-text wpex-flex-grow\"><\/div><\/div>[\/vc_column][\/vc_row]\n","protected":false},"excerpt":{"rendered":"<p>[vc_row full_width=&#8221;stretch_row_content&#8221; content_placement=&#8221;middle&#8221; css=&#8221;.vc_custom_1726333305726{background-position: center !important;background-repeat: no-repeat !important;background-size: cover !important;}&#8221; wpex_bg_position=&#8221;center left&#8221;][vc_column][\/vc_column][vc_column typography_style=&#8221;black&#8221; css=&#8221;.vc_custom_1726650914536{padding-top: 100px !important;}&#8221;][vc_row_inner][vc_column_inner el_class=&#8221;ingress&#8221;][vc_column_text child_inherit_color=&#8221;false&#8221; color=&#8221;currentColor&#8221; text_align=&#8221;center&#8221; width=&#8221;960&#8243;] Det h\u00e4r \u00e4r Bernadottegymnasiet Bernadottegymnasiet erbjuder Samh\u00e4llsvetenskapsprogrammet med uniformsprofil och med extra fokus p\u00e5 beteendevetenskap. Utbildningen g\u00e5r att kombinera med elitidrott p\u00e5 Katrinelundsgymnasiet. Under din tid p\u00e5 Bernadottegymnasiet f\u00e5r du b\u00e5de en teoretisk utbildning&hellip;<\/p>\n","protected":false},"author":8,"featured_media":0,"parent":0,"menu_order":0,"comment_status":"closed","ping_status":"closed","template":"","meta":{"footnotes":""},"class_list":["post-245","page","type-page","status-publish","hentry","entry","no-media"],"_links":{"self":[{"href":"https:\/\/www.skoogle.nu\/oppethus\/wp-json\/wp\/v2\/pages\/245","targetHints":{"allow":["GET"]}}],"collection":[{"href":"https:\/\/www.skoogle.nu\/oppethus\/wp-json\/wp\/v2\/pages"}],"about":[{"href":"https:\/\/www.skoogle.nu\/oppethus\/wp-json\/wp\/v2\/types\/page"}],"author":[{"embeddable":true,"href":"https:\/\/www.skoogle.nu\/oppethus\/wp-json\/wp\/v2\/users\/8"}],"replies":[{"embeddable":true,"href":"https:\/\/www.skoogle.nu\/oppethus\/wp-json\/wp\/v2\/comments?post=245"}],"version-history":[{"count":6,"href":"https:\/\/www.skoogle.nu\/oppethus\/wp-json\/wp\/v2\/pages\/245\/revisions"}],"predecessor-version":[{"id":4547,"href":"https:\/\/www.skoogle.nu\/oppethus\/wp-json\/wp\/v2\/pages\/245\/revisions\/4547"}],"wp:attachment":[{"href":"https:\/\/www.skoogle.nu\/oppethus\/wp-json\/wp\/v2\/media?parent=245"}],"curies":[{"name":"wp","href":"https:\/\/api.w.org\/{rel}","templated":true}]}}